{"id":19,"date":"2026-03-12T21:15:36","date_gmt":"2026-03-12T14:15:36","guid":{"rendered":"https:\/\/tylekeo.free\/?page_id=19"},"modified":"2026-03-13T22:54:53","modified_gmt":"2026-03-13T15:54:53","slug":"ty-le-keo","status":"publish","type":"page","link":"https:\/\/tylekeo.free\/","title":{"rendered":"T\u1ef7 L\u1ec7 K\u00e8o \ud83c\udf96\ufe0f C\u1eadp Nh\u1eadt Odds B\u00f3ng \u0110\u00e1 H\u00f4m Nay 2026"},"content":{"rendered":"\t<div class=\"img has-hover x md-x lg-x y md-y lg-y\" id=\"image_2116973889\">\n\t\t\t\t\t\t\t\t<div class=\"img-inner dark\" >\n\t\t\t<img loading=\"lazy\" decoding=\"async\" width=\"1020\" height=\"319\" src=\"https:\/\/tylekeo.free\/wp-content\/uploads\/2026\/03\/soi-keo-wc-2026-nhan-freebet-100k-1024x320.webp\" class=\"attachment-large size-large\" alt=\"\" srcset=\"https:\/\/tylekeo.free\/wp-content\/uploads\/2026\/03\/soi-keo-wc-2026-nhan-freebet-100k-1024x320.webp 1024w, https:\/\/tylekeo.free\/wp-content\/uploads\/2026\/03\/soi-keo-wc-2026-nhan-freebet-100k-300x94.webp 300w, https:\/\/tylekeo.free\/wp-content\/uploads\/2026\/03\/soi-keo-wc-2026-nhan-freebet-100k-768x240.webp 768w, https:\/\/tylekeo.free\/wp-content\/uploads\/2026\/03\/soi-keo-wc-2026-nhan-freebet-100k-1536x480.webp 1536w, https:\/\/tylekeo.free\/wp-content\/uploads\/2026\/03\/soi-keo-wc-2026-nhan-freebet-100k.webp 1920w\" sizes=\"auto, (max-width: 1020px) 100vw, 1020px\" \/>\t\t\t\t\t\t\n\t\t\t\t\t<\/div>\n\t\t\t\t\t\t\t\t\n<style>\n#image_2116973889 {\n  width: 100%;\n}\n<\/style>\n\t<\/div>\n\t\n<div class=\"container section-title-container\" ><h1 class=\"section-title section-title-center\"><b aria-hidden=\"true\"><\/b><span class=\"section-title-main\" >T\u1ef7 L\u1ec7 K\u00e8o \ud83c\udf96\ufe0f C\u1eadp Nh\u1eadt Odds B\u00f3ng \u0110\u00e1 H\u00f4m Nay 2026<\/span><b aria-hidden=\"true\"><\/b><\/h1><\/div>\n<p><a href=\"https:\/\/tylekeo.free\/\">T\u1ef7 L\u1ec7 K\u00e8o<\/a> l\u00e0 trang chuy\u00ean c\u1eadp nh\u1eadt b\u1ea3ng k\u00e8o b\u00f3ng \u0111\u00e1 tr\u1ef1c tuy\u1ebfn v\u1edbi d\u1eef li\u1ec7u real-time t\u1eeb h\u01a1n 50 s\u00e0n k\u00e8o qu\u1ed1c t\u1ebf g\u1ed3m Betfair, SBOBET, Pinnacle, Bet365 v\u00e0 188Bet. H\u1ec7 th\u1ed1ng hi\u1ec3n th\u1ecb \u0111\u1ea7y \u0111\u1ee7 k\u00e8o ch\u00e2u \u00c1 (handicap), ch\u00e2u \u00c2u (1X2), t\u00e0i x\u1ec9u (over\/under), ph\u1ea1t g\u00f3c, th\u1ebb ph\u1ea1t v\u00e0 k\u00e8o hi\u1ec7p 1 cho m\u1ed7i tr\u1eadn \u0111\u1ea5u thu\u1ed9c h\u01a1n 500 gi\u1ea3i t\u1eeb 6 ch\u00e2u l\u1ee5c.<\/p>\n<p>\u0110i\u1ec3m kh\u00e1c bi\u1ec7t ch\u00ednh l\u00e0 c\u00f4ng c\u1ee5 theo d\u00f5i bi\u1ebfn \u0111\u1ed9ng k\u00e8o (line movement) &#8211; hi\u1ec3n th\u1ecb bi\u1ec3u \u0111\u1ed3 odds t\u1eeb th\u1eddi \u0111i\u1ec3m k\u00e8o s\u1edbm m\u1edf s\u00e0n cho \u0111\u1ebfn khi k\u00e8o \u0111\u00f3ng tr\u01b0\u1edbc gi\u1edd b\u00f3ng l\u0103n. Ng\u01b0\u1eddi d\u00f9ng c\u00f3 th\u1ec3 nh\u1eadn di\u1ec7n d\u00f2ng ti\u1ec1n smart money khi odds d\u1ecbch chuy\u1ec3n b\u1ea5t th\u01b0\u1eddng, ph\u00e2n bi\u1ec7t k\u00e8o gi\u00e1 tr\u1ecb (value bet) v\u1edbi k\u00e8o b\u1eaby nh\u1edd h\u1ec7 th\u1ed1ng Fair Odds so s\u00e1nh x\u00e1c su\u1ea5t th\u1ef1c v\u1edbi t\u1ef7 l\u1ec7 th\u1ecb tr\u01b0\u1eddng. N\u1ebfu ch\u00eanh l\u1ec7ch v\u01b0\u1ee3t 15%, h\u1ec7 th\u1ed1ng t\u1ef1 \u0111\u1ed9ng g\u1eafn nh\u00e3n c\u1ea3nh b\u00e1o.<\/p>\n<p>B\u1ea3ng k\u00e8o ph\u00e2n lo\u1ea1i theo gi\u1ea3i \u0111\u1ea5u \u01b0u ti\u00ean: Ngo\u1ea1i H\u1ea1ng Anh, La Liga, Bundesliga, Serie A, Ligue 1, Champions League, Europa League, V-League v\u00e0 c\u00e1c gi\u1ea3i ch\u00e2u \u00c1. M\u00f9a h\u00e8 2026, silo World Cup 2026 \u0111\u01b0\u1ee3c m\u1edf ri\u00eang v\u1edbi b\u1ea3ng k\u00e8o 12 b\u1ea3ng \u0111\u1ea5u, 48 \u0111\u1ed9i, 104 tr\u1eadn &#8211; c\u1eadp nh\u1eadt odds v\u00f4 \u0111\u1ecbch outright (Argentina 4.50, Ph\u00e1p 5.00, Brazil 7.00, Anh 8.00 theo Pinnacle th\u00e1ng 3\/2026).<\/p>\n<p>Ngo\u00e0i b\u1ea3ng k\u00e8o, trang cung c\u1ea5p k\u1ebft qu\u1ea3 b\u00f3ng \u0111\u00e1 tr\u1ef1c ti\u1ebfp, l\u1ecbch thi \u0111\u1ea5u gi\u1edd Vi\u1ec7t Nam, b\u1ea3ng x\u1ebfp h\u1ea1ng v\u00e0 so s\u00e1nh t\u1ef7 l\u1ec7 gi\u1eefa 10+ nh\u00e0 c\u00e1i gi\u00fap ng\u01b0\u1eddi d\u00f9ng t\u00ecm odds t\u1ed1t nh\u1ea5t cho c\u00f9ng m\u1ed9t k\u00e8o. Chuy\u00ean m\u1ee5c H\u1ecdc Vi\u1ec7n gi\u1ea3i th\u00edch c\u00e1ch \u0111\u1ecdc t\u1eebng lo\u1ea1i k\u00e8o t\u1eeb c\u01a1 b\u1ea3n (ch\u00e2u \u00c1, ch\u00e2u \u00c2u, t\u00e0i x\u1ec9u) \u0111\u1ebfn n\u00e2ng cao (k\u00e8o Ma Cao, k\u00e8o live\/rung, xG trong soi k\u00e8o). Giao di\u1ec7n t\u1ed1i \u01b0u mobile, kh\u00f4ng c\u1ea7n \u0111\u0103ng k\u00fd, c\u1eadp nh\u1eadt m\u1ed7i 5 ph\u00fat t\u1ef1 \u0111\u1ed9ng.<\/p>\n","protected":false},"excerpt":{"rendered":"<p>T\u1ef7 L\u1ec7 K\u00e8o l\u00e0 trang chuy\u00ean c\u1eadp nh\u1eadt b\u1ea3ng k\u00e8o b\u00f3ng \u0111\u00e1 tr\u1ef1c tuy\u1ebfn v\u1edbi d\u1eef li\u1ec7u real-time t\u1eeb h\u01a1n 50 s\u00e0n k\u00e8o qu\u1ed1c t\u1ebf g\u1ed3m Betfair, SBOBET, Pinnacle, Bet365 v\u00e0 188Bet. H\u1ec7 th\u1ed1ng hi\u1ec3n th\u1ecb \u0111\u1ea7y \u0111\u1ee7 k\u00e8o ch\u00e2u \u00c1 (handicap), ch\u00e2u \u00c2u (1X2), t\u00e0i x\u1ec9u (over\/under), ph\u1ea1t g\u00f3c, th\u1ebb ph\u1ea1t v\u00e0 k\u00e8o hi\u1ec7p [&#8230;]\n","protected":false},"author":1,"featured_media":0,"parent":0,"menu_order":0,"comment_status":"closed","ping_status":"closed","template":"","meta":{"footnotes":""},"class_list":["post-19","page","type-page","status-publish","hentry"],"_links":{"self":[{"href":"https:\/\/tylekeo.free\/index.php\/wp-json\/wp\/v2\/pages\/19","targetHints":{"allow":["GET"]}}],"collection":[{"href":"https:\/\/tylekeo.free\/index.php\/wp-json\/wp\/v2\/pages"}],"about":[{"href":"https:\/\/tylekeo.free\/index.php\/wp-json\/wp\/v2\/types\/page"}],"author":[{"embeddable":true,"href":"https:\/\/tylekeo.free\/index.php\/wp-json\/wp\/v2\/users\/1"}],"replies":[{"embeddable":true,"href":"https:\/\/tylekeo.free\/index.php\/wp-json\/wp\/v2\/comments?post=19"}],"version-history":[{"count":4,"href":"https:\/\/tylekeo.free\/index.php\/wp-json\/wp\/v2\/pages\/19\/revisions"}],"predecessor-version":[{"id":45,"href":"https:\/\/tylekeo.free\/index.php\/wp-json\/wp\/v2\/pages\/19\/revisions\/45"}],"wp:attachment":[{"href":"https:\/\/tylekeo.free\/index.php\/wp-json\/wp\/v2\/media?parent=19"}],"curies":[{"name":"wp","href":"https:\/\/api.w.org\/{rel}","templated":true}]}}